{"id":8,"date":"2019-04-16T08:39:29","date_gmt":"2019-04-16T08:39:29","guid":{"rendered":"http:\/\/www.frezovanie-kominov.org\/?page_id=8"},"modified":"2019-04-29T06:54:25","modified_gmt":"2019-04-29T06:54:25","slug":"o-stranke","status":"publish","type":"page","link":"https:\/\/www.frezovanie-kominov.org\/?page_id=8","title":{"rendered":"Fr\u00e9zovanie kom\u00ednov"},"content":{"rendered":"<p><strong>P\u00fdtajte sa, \u010do znamen\u00e1 fr\u00e9zovanie korunkov\u00fdm vrt\u00e1kom?<\/strong><\/p>\n<p>Fr\u00e9zovanie je nede\u0161trukt\u00edvne, \u010di\u017ee bez ak\u00e9hoko\u013evek\u00a0 naru\u0161enia statiky kom\u00ednov\u00e9ho telesa. Zv\u00e4\u010d\u0161en\u00edm kom\u00ednov\u00e9ho prieduchu na kruhov\u00fd tvar sa m\u00f4\u017ee odobra\u0165 len 1\/3 materi\u00e1lu. V\u00e4\u010d\u0161ina kom\u00ednov m\u00e1\u00a0 \u0161tvorcov\u00fd kom\u00ednov\u00fd prieduch 150mm na 150mm a je v\u00e4\u010d\u0161inou z materi\u00e1lu, akou je p\u00e1len\u00e1 tehla, tzv. cig\u00e1nka.<\/p>\n<p>V\u0155ta\u0165 sa d\u00e1 maxim\u00e1lne 210mm kruhov\u00fd prieduch, ktor\u00fd sa n\u00e1sledne vyvlo\u017ekuje antik\u00f3rovou kom\u00ednovou vlo\u017ekou o priemere 180mm, respekt\u00edve 200mm. Kom\u00edny s kom\u00ednov\u00fdm prieduchom 220mm x 220mm je mo\u017en\u00e9 prev\u0155ta\u0165 maxim\u00e1lne na 250mm a n\u00e1sledne ich vyvlo\u017ekova\u0165\u00a0 antik\u00f3rovou kom\u00ednovou vlo\u017ekou o priemere 225mm.<\/p>\n<p>V\u0155tame kom\u00edny, od 3m a\u017e po v\u00fd\u0161ku 20m a prev\u0155tame aj \u017eelezn\u00e9 materi\u00e1ly, ako s\u00fa r\u00f4zne ve\u013ekosti &#8222;\u00ed\u010dkov\u00fdch&#8220; kusov a armat\u00far, ktor\u00e9 ve\u013eakr\u00e1t zasahuj\u00fa do kom\u00ednov\u00e9ho prieduchu. \u010ealej prev\u0155tame bet\u00f3n, \u017eelezobet\u00f3n, kame\u0148, tehlu at\u010f.<\/p>\n<p>V\u0155tame po celom \u00fazem\u00ed Slovenska, od Malaciek a\u017e po Sninu, od \u010cadce a\u017e po \u0160ahy.<strong><br \/><\/strong><\/p>\n<p><strong>Ak V\u00e1s na\u0161a str\u00e1nka zaujala kontaktujte n\u00e1s.<\/strong><\/p>\n\n\n<div class=\"wp-block-image\"><figure class=\"aligncenter\"><img loading=\"lazy\" decoding=\"async\" width=\"500\" height=\"456\" src=\"http:\/\/www.frezovanie-kominov.org\/wp-content\/uploads\/2019\/04\/kominfrezovany-e1555413610722.png\" alt=\"\" class=\"wp-image-76\" srcset=\"https:\/\/www.frezovanie-kominov.org\/wp-content\/uploads\/2019\/04\/kominfrezovany-e1555413610722.png 500w, https:\/\/www.frezovanie-kominov.org\/wp-content\/uploads\/2019\/04\/kominfrezovany-e1555413610722-300x274.png 300w\" sizes=\"auto, (max-width: 500px) 100vw, 500px\" \/><\/figure><\/div>\n\n\n\n<div class=\"wp-block-columns has-2-columns is-layout-flex wp-container-core-columns-is-layout-9d6595d7 wp-block-columns-is-layout-flex\">\n<div class=\"wp-block-column is-layout-flow wp-block-column-is-layout-flow\">\n<div class=\"wp-block-columns has-2-columns is-layout-flex wp-container-core-columns-is-layout-9d6595d7 wp-block-columns-is-layout-flex\">\n<div class=\"wp-block-column is-layout-flow wp-block-column-is-layout-flow\">\n<p style=\"text-align: right;\"><span style=\"font-size: 12px;\">Kom\u00edn na za\u010diatku fr\u00e9zovania. Otvor je kriv\u00fd, po\u0161koden\u00fd a \u010dasto do\u0148ho zasahuj\u00fa cudzie predmety.<\/span><\/p>\n<\/div>\n\n\n\n<div class=\"wp-block-column is-layout-flow wp-block-column-is-layout-flow\">\n<figure class=\"wp-block-image\"><img loading=\"lazy\" decoding=\"async\" width=\"200\" height=\"499\" src=\"http:\/\/www.frezovanie-kominov.org\/wp-content\/uploads\/2019\/04\/komin1.png\" alt=\"\" class=\"wp-image-74\" srcset=\"https:\/\/www.frezovanie-kominov.org\/wp-content\/uploads\/2019\/04\/komin1.png 200w, https:\/\/www.frezovanie-kominov.org\/wp-content\/uploads\/2019\/04\/komin1-120x300.png 120w\" sizes=\"auto, (max-width: 200px) 100vw, 200px\" \/><\/figure>\n<\/div>\n<\/div>\n<\/div>\n\n\n\n<div class=\"wp-block-column is-layout-flow wp-block-column-is-layout-flow\">\n<div class=\"wp-block-columns has-2-columns is-layout-flex wp-container-core-columns-is-layout-9d6595d7 wp-block-columns-is-layout-flex\">\n<div class=\"wp-block-column is-layout-flow wp-block-column-is-layout-flow\">\n<figure class=\"wp-block-image is-resized\"><img loading=\"lazy\" decoding=\"async\" src=\"http:\/\/www.frezovanie-kominov.org\/wp-content\/uploads\/2019\/04\/komin2.png\" alt=\"\" class=\"wp-image-75\" width=\"139\" height=\"325\" srcset=\"https:\/\/www.frezovanie-kominov.org\/wp-content\/uploads\/2019\/04\/komin2.png 200w, https:\/\/www.frezovanie-kominov.org\/wp-content\/uploads\/2019\/04\/komin2-128x300.png 128w\" sizes=\"auto, (max-width: 139px) 100vw, 139px\" \/><\/figure>\n<\/div>\n\n\n\n<div class=\"wp-block-column is-layout-flow wp-block-column-is-layout-flow\">\n<p><span style=\"font-size: 12px;\">Kom\u00edn po fr\u00e9zovan\u00ed. Hladk\u00fd a rovn\u00fd otvor V\u00e1m umo\u017en\u00ed jednoduch\u00e9 zas\u00favanie vlo\u017eiek do kom\u00ednov\u00e9ho otvoru.<\/span><\/p>\n<\/div>\n<\/div>\n<\/div>\n<\/div>\n","protected":false},"excerpt":{"rendered":"<p>P\u00fdtajte sa, \u010do znamen\u00e1 fr\u00e9zovanie korunkov\u00fdm vrt\u00e1kom? Fr\u00e9zovanie je nede\u0161trukt\u00edvne, \u010di\u017ee bez ak\u00e9hoko\u013evek\u00a0 naru\u0161enia statiky kom\u00ednov\u00e9ho telesa. Zv\u00e4\u010d\u0161en\u00edm kom\u00ednov\u00e9ho prieduchu na kruhov\u00fd tvar sa m\u00f4\u017ee odobra\u0165 len 1\/3 materi\u00e1lu. V\u00e4\u010d\u0161ina kom\u00ednov m\u00e1\u00a0 \u0161tvorcov\u00fd kom\u00ednov\u00fd prieduch 150mm na 150mm a je v\u00e4\u010d\u0161inou z materi\u00e1lu, akou je p\u00e1len\u00e1 tehla, tzv. cig\u00e1nka. V\u0155ta\u0165 sa d\u00e1 maxim\u00e1lne 210mm kruhov\u00fd &hellip; <\/p>\n<p class=\"link-more\"><a href=\"https:\/\/www.frezovanie-kominov.org\/?page_id=8\" class=\"more-link\">Pokra\u010dova\u0165 v \u010d\u00edtan\u00ed<span class=\"screen-reader-text\"> &#8222;Fr\u00e9zovanie kom\u00ednov&#8220;<\/span><\/a><\/p>\n","protected":false},"author":1,"featured_media":0,"parent":0,"menu_order":2,"comment_status":"closed","ping_status":"closed","template":"","meta":{"footnotes":""},"class_list":["post-8","page","type-page","status-publish","hentry"],"yoast_head":"<!-- This site is optimized with the Yoast SEO plugin v27.6 - https:\/\/yoast.com\/product\/yoast-seo-wordpress\/ -->\n<title>Fr\u00e9zovanie kom\u00ednov - Komin\u00e1rstvo Zvolen \u2022 Pracujeme hlavne v regi\u00f3noch Lu\u010denec, Polt\u00e1r, Rimavsk\u00e1 Sobota a v celom Banskobystrickom kraji.<\/title>\n<meta name=\"robots\" content=\"index, follow, max-snippet:-1, max-image-preview:large, max-video-preview:-1\" \/>\n<link rel=\"canonical\" href=\"https:\/\/www.frezovanie-kominov.org\/?page_id=8\" \/>\n<meta property=\"og:locale\" content=\"sk_SK\" \/>\n<meta property=\"og:type\" content=\"article\" \/>\n<meta property=\"og:title\" content=\"Fr\u00e9zovanie kom\u00ednov - Komin\u00e1rstvo Zvolen \u2022 Pracujeme hlavne v regi\u00f3noch Lu\u010denec, Polt\u00e1r, Rimavsk\u00e1 Sobota a v celom Banskobystrickom kraji.\" \/>\n<meta property=\"og:description\" content=\"P\u00fdtajte sa, \u010do znamen\u00e1 fr\u00e9zovanie korunkov\u00fdm vrt\u00e1kom? Fr\u00e9zovanie je nede\u0161trukt\u00edvne, \u010di\u017ee bez ak\u00e9hoko\u013evek\u00a0 naru\u0161enia statiky kom\u00ednov\u00e9ho telesa. Zv\u00e4\u010d\u0161en\u00edm kom\u00ednov\u00e9ho prieduchu na kruhov\u00fd tvar sa m\u00f4\u017ee odobra\u0165 len 1\/3 materi\u00e1lu. V\u00e4\u010d\u0161ina kom\u00ednov m\u00e1\u00a0 \u0161tvorcov\u00fd kom\u00ednov\u00fd prieduch 150mm na 150mm a je v\u00e4\u010d\u0161inou z materi\u00e1lu, akou je p\u00e1len\u00e1 tehla, tzv. cig\u00e1nka. V\u0155ta\u0165 sa d\u00e1 maxim\u00e1lne 210mm kruhov\u00fd &hellip; Pokra\u010dova\u0165 v \u010d\u00edtan\u00ed &quot;Fr\u00e9zovanie kom\u00ednov&quot;\" \/>\n<meta property=\"og:url\" content=\"https:\/\/www.frezovanie-kominov.org\/?page_id=8\" \/>\n<meta property=\"og:site_name\" content=\"Komin\u00e1rstvo Zvolen \u2022 Pracujeme hlavne v regi\u00f3noch Lu\u010denec, Polt\u00e1r, Rimavsk\u00e1 Sobota a v celom Banskobystrickom kraji.\" \/>\n<meta property=\"article:modified_time\" content=\"2019-04-29T06:54:25+00:00\" \/>\n<meta property=\"og:image\" content=\"http:\/\/www.frezovanie-kominov.org\/wp-content\/uploads\/2019\/04\/kominfrezovany-e1555413610722.png\" \/>\n<meta name=\"twitter:card\" content=\"summary_large_image\" \/>\n<meta name=\"twitter:label1\" content=\"Predpokladan\u00fd \u010das \u010d\u00edtania\" \/>\n\t<meta name=\"twitter:data1\" content=\"1 min\u00fata\" \/>\n<script type=\"application\/ld+json\" class=\"yoast-schema-graph\">{\"@context\":\"https:\\\/\\\/schema.org\",\"@graph\":[{\"@type\":\"WebPage\",\"@id\":\"https:\\\/\\\/www.frezovanie-kominov.org\\\/?page_id=8\",\"url\":\"https:\\\/\\\/www.frezovanie-kominov.org\\\/?page_id=8\",\"name\":\"Fr\u00e9zovanie kom\u00ednov - Komin\u00e1rstvo Zvolen \u2022 Pracujeme hlavne v regi\u00f3noch Lu\u010denec, Polt\u00e1r, Rimavsk\u00e1 Sobota a v celom Banskobystrickom kraji.\",\"isPartOf\":{\"@id\":\"https:\\\/\\\/www.frezovanie-kominov.org\\\/#website\"},\"primaryImageOfPage\":{\"@id\":\"https:\\\/\\\/www.frezovanie-kominov.org\\\/?page_id=8#primaryimage\"},\"image\":{\"@id\":\"https:\\\/\\\/www.frezovanie-kominov.org\\\/?page_id=8#primaryimage\"},\"thumbnailUrl\":\"http:\\\/\\\/www.frezovanie-kominov.org\\\/wp-content\\\/uploads\\\/2019\\\/04\\\/kominfrezovany-e1555413610722.png\",\"datePublished\":\"2019-04-16T08:39:29+00:00\",\"dateModified\":\"2019-04-29T06:54:25+00:00\",\"breadcrumb\":{\"@id\":\"https:\\\/\\\/www.frezovanie-kominov.org\\\/?page_id=8#breadcrumb\"},\"inLanguage\":\"sk-SK\",\"potentialAction\":[{\"@type\":\"ReadAction\",\"target\":[\"https:\\\/\\\/www.frezovanie-kominov.org\\\/?page_id=8\"]}]},{\"@type\":\"ImageObject\",\"inLanguage\":\"sk-SK\",\"@id\":\"https:\\\/\\\/www.frezovanie-kominov.org\\\/?page_id=8#primaryimage\",\"url\":\"https:\\\/\\\/www.frezovanie-kominov.org\\\/wp-content\\\/uploads\\\/2019\\\/04\\\/kominfrezovany-e1555413610722.png\",\"contentUrl\":\"https:\\\/\\\/www.frezovanie-kominov.org\\\/wp-content\\\/uploads\\\/2019\\\/04\\\/kominfrezovany-e1555413610722.png\",\"width\":500,\"height\":456},{\"@type\":\"BreadcrumbList\",\"@id\":\"https:\\\/\\\/www.frezovanie-kominov.org\\\/?page_id=8#breadcrumb\",\"itemListElement\":[{\"@type\":\"ListItem\",\"position\":1,\"name\":\"Domovsk\u00e1 str\u00e1nka\",\"item\":\"https:\\\/\\\/www.frezovanie-kominov.org\\\/\"},{\"@type\":\"ListItem\",\"position\":2,\"name\":\"Fr\u00e9zovanie kom\u00ednov\"}]},{\"@type\":\"WebSite\",\"@id\":\"https:\\\/\\\/www.frezovanie-kominov.org\\\/#website\",\"url\":\"https:\\\/\\\/www.frezovanie-kominov.org\\\/\",\"name\":\"Komin\u00e1rstvo Zvolen \u2022 Pracujeme hlavne v regi\u00f3noch Lu\u010denec, Polt\u00e1r, Rimavsk\u00e1 Sobota a v celom Banskobystrickom kraji.\",\"description\":\"Ako jedin\u00fd na Slovensku prev\u00e1dzame v\u0155tanie kom\u00ednov korunkov\u00fdm vrt\u00e1kom.\",\"publisher\":{\"@id\":\"https:\\\/\\\/www.frezovanie-kominov.org\\\/#organization\"},\"potentialAction\":[{\"@type\":\"SearchAction\",\"target\":{\"@type\":\"EntryPoint\",\"urlTemplate\":\"https:\\\/\\\/www.frezovanie-kominov.org\\\/?s={search_term_string}\"},\"query-input\":{\"@type\":\"PropertyValueSpecification\",\"valueRequired\":true,\"valueName\":\"search_term_string\"}}],\"inLanguage\":\"sk-SK\"},{\"@type\":\"Organization\",\"@id\":\"https:\\\/\\\/www.frezovanie-kominov.org\\\/#organization\",\"name\":\"Komin\u00e1rstvo Zvolen \u2022 Pracujeme hlavne v regi\u00f3noch Lu\u010denec, Polt\u00e1r, Rimavsk\u00e1 Sobota a v celom Banskobystrickom kraji.\",\"url\":\"https:\\\/\\\/www.frezovanie-kominov.org\\\/\",\"logo\":{\"@type\":\"ImageObject\",\"inLanguage\":\"sk-SK\",\"@id\":\"https:\\\/\\\/www.frezovanie-kominov.org\\\/#\\\/schema\\\/logo\\\/image\\\/\",\"url\":\"https:\\\/\\\/www.frezovanie-kominov.org\\\/wp-content\\\/uploads\\\/2019\\\/04\\\/cropped-kominar1-1.png\",\"contentUrl\":\"https:\\\/\\\/www.frezovanie-kominov.org\\\/wp-content\\\/uploads\\\/2019\\\/04\\\/cropped-kominar1-1.png\",\"width\":250,\"height\":250,\"caption\":\"Komin\u00e1rstvo Zvolen \u2022 Pracujeme hlavne v regi\u00f3noch Lu\u010denec, Polt\u00e1r, Rimavsk\u00e1 Sobota a v celom Banskobystrickom kraji.\"},\"image\":{\"@id\":\"https:\\\/\\\/www.frezovanie-kominov.org\\\/#\\\/schema\\\/logo\\\/image\\\/\"}}]}<\/script>\n<!-- \/ Yoast SEO plugin. -->","yoast_head_json":{"title":"Fr\u00e9zovanie kom\u00ednov - Komin\u00e1rstvo Zvolen \u2022 Pracujeme hlavne v regi\u00f3noch Lu\u010denec, Polt\u00e1r, Rimavsk\u00e1 Sobota a v celom Banskobystrickom kraji.","robots":{"index":"index","follow":"follow","max-snippet":"max-snippet:-1","max-image-preview":"max-image-preview:large","max-video-preview":"max-video-preview:-1"},"canonical":"https:\/\/www.frezovanie-kominov.org\/?page_id=8","og_locale":"sk_SK","og_type":"article","og_title":"Fr\u00e9zovanie kom\u00ednov - Komin\u00e1rstvo Zvolen \u2022 Pracujeme hlavne v regi\u00f3noch Lu\u010denec, Polt\u00e1r, Rimavsk\u00e1 Sobota a v celom Banskobystrickom kraji.","og_description":"P\u00fdtajte sa, \u010do znamen\u00e1 fr\u00e9zovanie korunkov\u00fdm vrt\u00e1kom? Fr\u00e9zovanie je nede\u0161trukt\u00edvne, \u010di\u017ee bez ak\u00e9hoko\u013evek\u00a0 naru\u0161enia statiky kom\u00ednov\u00e9ho telesa. Zv\u00e4\u010d\u0161en\u00edm kom\u00ednov\u00e9ho prieduchu na kruhov\u00fd tvar sa m\u00f4\u017ee odobra\u0165 len 1\/3 materi\u00e1lu. V\u00e4\u010d\u0161ina kom\u00ednov m\u00e1\u00a0 \u0161tvorcov\u00fd kom\u00ednov\u00fd prieduch 150mm na 150mm a je v\u00e4\u010d\u0161inou z materi\u00e1lu, akou je p\u00e1len\u00e1 tehla, tzv. cig\u00e1nka. V\u0155ta\u0165 sa d\u00e1 maxim\u00e1lne 210mm kruhov\u00fd &hellip; Pokra\u010dova\u0165 v \u010d\u00edtan\u00ed \"Fr\u00e9zovanie kom\u00ednov\"","og_url":"https:\/\/www.frezovanie-kominov.org\/?page_id=8","og_site_name":"Komin\u00e1rstvo Zvolen \u2022 Pracujeme hlavne v regi\u00f3noch Lu\u010denec, Polt\u00e1r, Rimavsk\u00e1 Sobota a v celom Banskobystrickom kraji.","article_modified_time":"2019-04-29T06:54:25+00:00","og_image":[{"url":"http:\/\/www.frezovanie-kominov.org\/wp-content\/uploads\/2019\/04\/kominfrezovany-e1555413610722.png","type":"","width":"","height":""}],"twitter_card":"summary_large_image","twitter_misc":{"Predpokladan\u00fd \u010das \u010d\u00edtania":"1 min\u00fata"},"schema":{"@context":"https:\/\/schema.org","@graph":[{"@type":"WebPage","@id":"https:\/\/www.frezovanie-kominov.org\/?page_id=8","url":"https:\/\/www.frezovanie-kominov.org\/?page_id=8","name":"Fr\u00e9zovanie kom\u00ednov - Komin\u00e1rstvo Zvolen \u2022 Pracujeme hlavne v regi\u00f3noch Lu\u010denec, Polt\u00e1r, Rimavsk\u00e1 Sobota a v celom Banskobystrickom kraji.","isPartOf":{"@id":"https:\/\/www.frezovanie-kominov.org\/#website"},"primaryImageOfPage":{"@id":"https:\/\/www.frezovanie-kominov.org\/?page_id=8#primaryimage"},"image":{"@id":"https:\/\/www.frezovanie-kominov.org\/?page_id=8#primaryimage"},"thumbnailUrl":"http:\/\/www.frezovanie-kominov.org\/wp-content\/uploads\/2019\/04\/kominfrezovany-e1555413610722.png","datePublished":"2019-04-16T08:39:29+00:00","dateModified":"2019-04-29T06:54:25+00:00","breadcrumb":{"@id":"https:\/\/www.frezovanie-kominov.org\/?page_id=8#breadcrumb"},"inLanguage":"sk-SK","potentialAction":[{"@type":"ReadAction","target":["https:\/\/www.frezovanie-kominov.org\/?page_id=8"]}]},{"@type":"ImageObject","inLanguage":"sk-SK","@id":"https:\/\/www.frezovanie-kominov.org\/?page_id=8#primaryimage","url":"https:\/\/www.frezovanie-kominov.org\/wp-content\/uploads\/2019\/04\/kominfrezovany-e1555413610722.png","contentUrl":"https:\/\/www.frezovanie-kominov.org\/wp-content\/uploads\/2019\/04\/kominfrezovany-e1555413610722.png","width":500,"height":456},{"@type":"BreadcrumbList","@id":"https:\/\/www.frezovanie-kominov.org\/?page_id=8#breadcrumb","itemListElement":[{"@type":"ListItem","position":1,"name":"Domovsk\u00e1 str\u00e1nka","item":"https:\/\/www.frezovanie-kominov.org\/"},{"@type":"ListItem","position":2,"name":"Fr\u00e9zovanie kom\u00ednov"}]},{"@type":"WebSite","@id":"https:\/\/www.frezovanie-kominov.org\/#website","url":"https:\/\/www.frezovanie-kominov.org\/","name":"Komin\u00e1rstvo Zvolen \u2022 Pracujeme hlavne v regi\u00f3noch Lu\u010denec, Polt\u00e1r, Rimavsk\u00e1 Sobota a v celom Banskobystrickom kraji.","description":"Ako jedin\u00fd na Slovensku prev\u00e1dzame v\u0155tanie kom\u00ednov korunkov\u00fdm vrt\u00e1kom.","publisher":{"@id":"https:\/\/www.frezovanie-kominov.org\/#organization"},"potentialAction":[{"@type":"SearchAction","target":{"@type":"EntryPoint","urlTemplate":"https:\/\/www.frezovanie-kominov.org\/?s={search_term_string}"},"query-input":{"@type":"PropertyValueSpecification","valueRequired":true,"valueName":"search_term_string"}}],"inLanguage":"sk-SK"},{"@type":"Organization","@id":"https:\/\/www.frezovanie-kominov.org\/#organization","name":"Komin\u00e1rstvo Zvolen \u2022 Pracujeme hlavne v regi\u00f3noch Lu\u010denec, Polt\u00e1r, Rimavsk\u00e1 Sobota a v celom Banskobystrickom kraji.","url":"https:\/\/www.frezovanie-kominov.org\/","logo":{"@type":"ImageObject","inLanguage":"sk-SK","@id":"https:\/\/www.frezovanie-kominov.org\/#\/schema\/logo\/image\/","url":"https:\/\/www.frezovanie-kominov.org\/wp-content\/uploads\/2019\/04\/cropped-kominar1-1.png","contentUrl":"https:\/\/www.frezovanie-kominov.org\/wp-content\/uploads\/2019\/04\/cropped-kominar1-1.png","width":250,"height":250,"caption":"Komin\u00e1rstvo Zvolen \u2022 Pracujeme hlavne v regi\u00f3noch Lu\u010denec, Polt\u00e1r, Rimavsk\u00e1 Sobota a v celom Banskobystrickom kraji."},"image":{"@id":"https:\/\/www.frezovanie-kominov.org\/#\/schema\/logo\/image\/"}}]}},"_links":{"self":[{"href":"https:\/\/www.frezovanie-kominov.org\/index.php?rest_route=\/wp\/v2\/pages\/8","targetHints":{"allow":["GET"]}}],"collection":[{"href":"https:\/\/www.frezovanie-kominov.org\/index.php?rest_route=\/wp\/v2\/pages"}],"about":[{"href":"https:\/\/www.frezovanie-kominov.org\/index.php?rest_route=\/wp\/v2\/types\/page"}],"author":[{"embeddable":true,"href":"https:\/\/www.frezovanie-kominov.org\/index.php?rest_route=\/wp\/v2\/users\/1"}],"replies":[{"embeddable":true,"href":"https:\/\/www.frezovanie-kominov.org\/index.php?rest_route=%2Fwp%2Fv2%2Fcomments&post=8"}],"version-history":[{"count":17,"href":"https:\/\/www.frezovanie-kominov.org\/index.php?rest_route=\/wp\/v2\/pages\/8\/revisions"}],"predecessor-version":[{"id":169,"href":"https:\/\/www.frezovanie-kominov.org\/index.php?rest_route=\/wp\/v2\/pages\/8\/revisions\/169"}],"wp:attachment":[{"href":"https:\/\/www.frezovanie-kominov.org\/index.php?rest_route=%2Fwp%2Fv2%2Fmedia&parent=8"}],"curies":[{"name":"wp","href":"https:\/\/api.w.org\/{rel}","templated":true}]}}