{"id":7,"date":"2019-04-16T08:39:28","date_gmt":"2019-04-16T08:39:28","guid":{"rendered":"http:\/\/www.frezovanie-kominov.org\/?page_id=7"},"modified":"2019-04-29T06:52:53","modified_gmt":"2019-04-29T06:52:53","slug":"uvodna-stranka","status":"publish","type":"page","link":"https:\/\/www.frezovanie-kominov.org\/","title":{"rendered":"\u010co pon\u00fakame &#8230;"},"content":{"rendered":"<p style=\"text-align: justify;\">K\u00fapili ste si novy spotrebi\u010d na pevne palivo a v\u00e1s kom\u00edn nesp\u013a\u0148a po\u017eadovan\u00fd priemer prieduchu, ktor\u00fd vy\u017eaduje v\u00fdrobca spotrebi\u010da? M\u00e1te zl\u00fd kom\u00ednov\u00fd \u0165ah a kom\u00edn V\u00e1m dechtuje, zap\u00e1cha a vytv\u00e1ra V\u00e1m na sten\u00e1ch dechtov\u00e9 f\u013eaky, alebo nebodaj prep\u00fa\u0161\u0165a dym do miestnosti?<\/p>\n<p style=\"text-align: justify;\">Nev\u00e1hajte a zavolajte n\u00e1m a my V\u00e1m s t\u00fdm ur\u010dite pom\u00f4\u017eeme.<\/p>\n<p style=\"text-align: justify;\">Sme firma so s\u00eddlom vo Zvolene, ktor\u00e1 u\u017e viac ako 20 rokov p\u00f4sob\u00ed na slovenskom trhu a na\u0161ou vizitkou s\u00fa vysmiati a spokojn\u00ed z\u00e1kazn\u00edci ktor\u00ed, n\u00e1s odpor\u00fa\u010daj\u00fa aj ostatn\u00fdm. Mnoh\u00ed o n\u00e1s e\u0161te nevedia, preto sme sa rozhodli zverejni\u0165 na\u0161u str\u00e1nku na internet.<\/p>\n<p style=\"text-align: justify;\">Ako jedin\u00fd na Slovensku prev\u00e1dzame v\u0155tanie kom\u00ednov korunkov\u00fdm vrt\u00e1kom.<\/p>\n","protected":false},"excerpt":{"rendered":"<p>K\u00fapili ste si novy spotrebi\u010d na pevne palivo a v\u00e1s kom\u00edn nesp\u013a\u0148a po\u017eadovan\u00fd priemer prieduchu, ktor\u00fd vy\u017eaduje v\u00fdrobca spotrebi\u010da? M\u00e1te zl\u00fd kom\u00ednov\u00fd \u0165ah a kom\u00edn V\u00e1m dechtuje, zap\u00e1cha a vytv\u00e1ra V\u00e1m na sten\u00e1ch dechtov\u00e9 f\u013eaky, alebo nebodaj prep\u00fa\u0161\u0165a dym do miestnosti? Nev\u00e1hajte a zavolajte n\u00e1m a my V\u00e1m s t\u00fdm ur\u010dite pom\u00f4\u017eeme. Sme firma so &hellip; <\/p>\n<p class=\"link-more\"><a href=\"https:\/\/www.frezovanie-kominov.org\/\" class=\"more-link\">Pokra\u010dova\u0165 v \u010d\u00edtan\u00ed<span class=\"screen-reader-text\"> &#8222;\u010co pon\u00fakame &#8230;&#8220;<\/span><\/a><\/p>\n","protected":false},"author":1,"featured_media":0,"parent":0,"menu_order":1,"comment_status":"closed","ping_status":"closed","template":"","meta":{"footnotes":""},"class_list":["post-7","page","type-page","status-publish","hentry"],"yoast_head":"<!-- This site is optimized with the Yoast SEO plugin v27.5 - https:\/\/yoast.com\/product\/yoast-seo-wordpress\/ -->\n<title>\u010co pon\u00fakame ... - Komin\u00e1rstvo Zvolen \u2022 Pracujeme hlavne v regi\u00f3noch Lu\u010denec, Polt\u00e1r, Rimavsk\u00e1 Sobota a v celom Banskobystrickom kraji.<\/title>\n<meta name=\"robots\" content=\"index, follow, max-snippet:-1, max-image-preview:large, max-video-preview:-1\" \/>\n<link rel=\"canonical\" href=\"https:\/\/www.frezovanie-kominov.org\/\" \/>\n<meta property=\"og:locale\" content=\"sk_SK\" \/>\n<meta property=\"og:type\" content=\"article\" \/>\n<meta property=\"og:title\" content=\"\u010co pon\u00fakame ... - Komin\u00e1rstvo Zvolen \u2022 Pracujeme hlavne v regi\u00f3noch Lu\u010denec, Polt\u00e1r, Rimavsk\u00e1 Sobota a v celom Banskobystrickom kraji.\" \/>\n<meta property=\"og:description\" content=\"K\u00fapili ste si novy spotrebi\u010d na pevne palivo a v\u00e1s kom\u00edn nesp\u013a\u0148a po\u017eadovan\u00fd priemer prieduchu, ktor\u00fd vy\u017eaduje v\u00fdrobca spotrebi\u010da? M\u00e1te zl\u00fd kom\u00ednov\u00fd \u0165ah a kom\u00edn V\u00e1m dechtuje, zap\u00e1cha a vytv\u00e1ra V\u00e1m na sten\u00e1ch dechtov\u00e9 f\u013eaky, alebo nebodaj prep\u00fa\u0161\u0165a dym do miestnosti? Nev\u00e1hajte a zavolajte n\u00e1m a my V\u00e1m s t\u00fdm ur\u010dite pom\u00f4\u017eeme. Sme firma so &hellip; Pokra\u010dova\u0165 v \u010d\u00edtan\u00ed &quot;\u010co pon\u00fakame &#8230;&quot;\" \/>\n<meta property=\"og:url\" content=\"https:\/\/www.frezovanie-kominov.org\/\" \/>\n<meta property=\"og:site_name\" content=\"Komin\u00e1rstvo Zvolen \u2022 Pracujeme hlavne v regi\u00f3noch Lu\u010denec, Polt\u00e1r, Rimavsk\u00e1 Sobota a v celom Banskobystrickom kraji.\" \/>\n<meta property=\"article:modified_time\" content=\"2019-04-29T06:52:53+00:00\" \/>\n<meta name=\"twitter:card\" content=\"summary_large_image\" \/>\n<meta name=\"twitter:label1\" content=\"Predpokladan\u00fd \u010das \u010d\u00edtania\" \/>\n\t<meta name=\"twitter:data1\" content=\"1 min\u00fata\" \/>\n<script type=\"application\/ld+json\" class=\"yoast-schema-graph\">{\"@context\":\"https:\\\/\\\/schema.org\",\"@graph\":[{\"@type\":\"WebPage\",\"@id\":\"https:\\\/\\\/www.frezovanie-kominov.org\\\/\",\"url\":\"https:\\\/\\\/www.frezovanie-kominov.org\\\/\",\"name\":\"\u010co pon\u00fakame ... - Komin\u00e1rstvo Zvolen \u2022 Pracujeme hlavne v regi\u00f3noch Lu\u010denec, Polt\u00e1r, Rimavsk\u00e1 Sobota a v celom Banskobystrickom kraji.\",\"isPartOf\":{\"@id\":\"https:\\\/\\\/www.frezovanie-kominov.org\\\/#website\"},\"datePublished\":\"2019-04-16T08:39:28+00:00\",\"dateModified\":\"2019-04-29T06:52:53+00:00\",\"breadcrumb\":{\"@id\":\"https:\\\/\\\/www.frezovanie-kominov.org\\\/#breadcrumb\"},\"inLanguage\":\"sk-SK\",\"potentialAction\":[{\"@type\":\"ReadAction\",\"target\":[\"https:\\\/\\\/www.frezovanie-kominov.org\\\/\"]}]},{\"@type\":\"BreadcrumbList\",\"@id\":\"https:\\\/\\\/www.frezovanie-kominov.org\\\/#breadcrumb\",\"itemListElement\":[{\"@type\":\"ListItem\",\"position\":1,\"name\":\"Domovsk\u00e1 str\u00e1nka\",\"item\":\"https:\\\/\\\/www.frezovanie-kominov.org\\\/\"},{\"@type\":\"ListItem\",\"position\":2,\"name\":\"\u010co pon\u00fakame &#8230;\"}]},{\"@type\":\"WebSite\",\"@id\":\"https:\\\/\\\/www.frezovanie-kominov.org\\\/#website\",\"url\":\"https:\\\/\\\/www.frezovanie-kominov.org\\\/\",\"name\":\"Komin\u00e1rstvo Zvolen \u2022 Pracujeme hlavne v regi\u00f3noch Lu\u010denec, Polt\u00e1r, Rimavsk\u00e1 Sobota a v celom Banskobystrickom kraji.\",\"description\":\"Ako jedin\u00fd na Slovensku prev\u00e1dzame v\u0155tanie kom\u00ednov korunkov\u00fdm vrt\u00e1kom.\",\"publisher\":{\"@id\":\"https:\\\/\\\/www.frezovanie-kominov.org\\\/#organization\"},\"potentialAction\":[{\"@type\":\"SearchAction\",\"target\":{\"@type\":\"EntryPoint\",\"urlTemplate\":\"https:\\\/\\\/www.frezovanie-kominov.org\\\/?s={search_term_string}\"},\"query-input\":{\"@type\":\"PropertyValueSpecification\",\"valueRequired\":true,\"valueName\":\"search_term_string\"}}],\"inLanguage\":\"sk-SK\"},{\"@type\":\"Organization\",\"@id\":\"https:\\\/\\\/www.frezovanie-kominov.org\\\/#organization\",\"name\":\"Komin\u00e1rstvo Zvolen \u2022 Pracujeme hlavne v regi\u00f3noch Lu\u010denec, Polt\u00e1r, Rimavsk\u00e1 Sobota a v celom Banskobystrickom kraji.\",\"url\":\"https:\\\/\\\/www.frezovanie-kominov.org\\\/\",\"logo\":{\"@type\":\"ImageObject\",\"inLanguage\":\"sk-SK\",\"@id\":\"https:\\\/\\\/www.frezovanie-kominov.org\\\/#\\\/schema\\\/logo\\\/image\\\/\",\"url\":\"https:\\\/\\\/www.frezovanie-kominov.org\\\/wp-content\\\/uploads\\\/2019\\\/04\\\/cropped-kominar1-1.png\",\"contentUrl\":\"https:\\\/\\\/www.frezovanie-kominov.org\\\/wp-content\\\/uploads\\\/2019\\\/04\\\/cropped-kominar1-1.png\",\"width\":250,\"height\":250,\"caption\":\"Komin\u00e1rstvo Zvolen \u2022 Pracujeme hlavne v regi\u00f3noch Lu\u010denec, Polt\u00e1r, Rimavsk\u00e1 Sobota a v celom Banskobystrickom kraji.\"},\"image\":{\"@id\":\"https:\\\/\\\/www.frezovanie-kominov.org\\\/#\\\/schema\\\/logo\\\/image\\\/\"}}]}<\/script>\n<!-- \/ Yoast SEO plugin. -->","yoast_head_json":{"title":"\u010co pon\u00fakame ... - Komin\u00e1rstvo Zvolen \u2022 Pracujeme hlavne v regi\u00f3noch Lu\u010denec, Polt\u00e1r, Rimavsk\u00e1 Sobota a v celom Banskobystrickom kraji.","robots":{"index":"index","follow":"follow","max-snippet":"max-snippet:-1","max-image-preview":"max-image-preview:large","max-video-preview":"max-video-preview:-1"},"canonical":"https:\/\/www.frezovanie-kominov.org\/","og_locale":"sk_SK","og_type":"article","og_title":"\u010co pon\u00fakame ... - Komin\u00e1rstvo Zvolen \u2022 Pracujeme hlavne v regi\u00f3noch Lu\u010denec, Polt\u00e1r, Rimavsk\u00e1 Sobota a v celom Banskobystrickom kraji.","og_description":"K\u00fapili ste si novy spotrebi\u010d na pevne palivo a v\u00e1s kom\u00edn nesp\u013a\u0148a po\u017eadovan\u00fd priemer prieduchu, ktor\u00fd vy\u017eaduje v\u00fdrobca spotrebi\u010da? M\u00e1te zl\u00fd kom\u00ednov\u00fd \u0165ah a kom\u00edn V\u00e1m dechtuje, zap\u00e1cha a vytv\u00e1ra V\u00e1m na sten\u00e1ch dechtov\u00e9 f\u013eaky, alebo nebodaj prep\u00fa\u0161\u0165a dym do miestnosti? Nev\u00e1hajte a zavolajte n\u00e1m a my V\u00e1m s t\u00fdm ur\u010dite pom\u00f4\u017eeme. Sme firma so &hellip; Pokra\u010dova\u0165 v \u010d\u00edtan\u00ed \"\u010co pon\u00fakame &#8230;\"","og_url":"https:\/\/www.frezovanie-kominov.org\/","og_site_name":"Komin\u00e1rstvo Zvolen \u2022 Pracujeme hlavne v regi\u00f3noch Lu\u010denec, Polt\u00e1r, Rimavsk\u00e1 Sobota a v celom Banskobystrickom kraji.","article_modified_time":"2019-04-29T06:52:53+00:00","twitter_card":"summary_large_image","twitter_misc":{"Predpokladan\u00fd \u010das \u010d\u00edtania":"1 min\u00fata"},"schema":{"@context":"https:\/\/schema.org","@graph":[{"@type":"WebPage","@id":"https:\/\/www.frezovanie-kominov.org\/","url":"https:\/\/www.frezovanie-kominov.org\/","name":"\u010co pon\u00fakame ... - Komin\u00e1rstvo Zvolen \u2022 Pracujeme hlavne v regi\u00f3noch Lu\u010denec, Polt\u00e1r, Rimavsk\u00e1 Sobota a v celom Banskobystrickom kraji.","isPartOf":{"@id":"https:\/\/www.frezovanie-kominov.org\/#website"},"datePublished":"2019-04-16T08:39:28+00:00","dateModified":"2019-04-29T06:52:53+00:00","breadcrumb":{"@id":"https:\/\/www.frezovanie-kominov.org\/#breadcrumb"},"inLanguage":"sk-SK","potentialAction":[{"@type":"ReadAction","target":["https:\/\/www.frezovanie-kominov.org\/"]}]},{"@type":"BreadcrumbList","@id":"https:\/\/www.frezovanie-kominov.org\/#breadcrumb","itemListElement":[{"@type":"ListItem","position":1,"name":"Domovsk\u00e1 str\u00e1nka","item":"https:\/\/www.frezovanie-kominov.org\/"},{"@type":"ListItem","position":2,"name":"\u010co pon\u00fakame &#8230;"}]},{"@type":"WebSite","@id":"https:\/\/www.frezovanie-kominov.org\/#website","url":"https:\/\/www.frezovanie-kominov.org\/","name":"Komin\u00e1rstvo Zvolen \u2022 Pracujeme hlavne v regi\u00f3noch Lu\u010denec, Polt\u00e1r, Rimavsk\u00e1 Sobota a v celom Banskobystrickom kraji.","description":"Ako jedin\u00fd na Slovensku prev\u00e1dzame v\u0155tanie kom\u00ednov korunkov\u00fdm vrt\u00e1kom.","publisher":{"@id":"https:\/\/www.frezovanie-kominov.org\/#organization"},"potentialAction":[{"@type":"SearchAction","target":{"@type":"EntryPoint","urlTemplate":"https:\/\/www.frezovanie-kominov.org\/?s={search_term_string}"},"query-input":{"@type":"PropertyValueSpecification","valueRequired":true,"valueName":"search_term_string"}}],"inLanguage":"sk-SK"},{"@type":"Organization","@id":"https:\/\/www.frezovanie-kominov.org\/#organization","name":"Komin\u00e1rstvo Zvolen \u2022 Pracujeme hlavne v regi\u00f3noch Lu\u010denec, Polt\u00e1r, Rimavsk\u00e1 Sobota a v celom Banskobystrickom kraji.","url":"https:\/\/www.frezovanie-kominov.org\/","logo":{"@type":"ImageObject","inLanguage":"sk-SK","@id":"https:\/\/www.frezovanie-kominov.org\/#\/schema\/logo\/image\/","url":"https:\/\/www.frezovanie-kominov.org\/wp-content\/uploads\/2019\/04\/cropped-kominar1-1.png","contentUrl":"https:\/\/www.frezovanie-kominov.org\/wp-content\/uploads\/2019\/04\/cropped-kominar1-1.png","width":250,"height":250,"caption":"Komin\u00e1rstvo Zvolen \u2022 Pracujeme hlavne v regi\u00f3noch Lu\u010denec, Polt\u00e1r, Rimavsk\u00e1 Sobota a v celom Banskobystrickom kraji."},"image":{"@id":"https:\/\/www.frezovanie-kominov.org\/#\/schema\/logo\/image\/"}}]}},"_links":{"self":[{"href":"https:\/\/www.frezovanie-kominov.org\/index.php?rest_route=\/wp\/v2\/pages\/7","targetHints":{"allow":["GET"]}}],"collection":[{"href":"https:\/\/www.frezovanie-kominov.org\/index.php?rest_route=\/wp\/v2\/pages"}],"about":[{"href":"https:\/\/www.frezovanie-kominov.org\/index.php?rest_route=\/wp\/v2\/types\/page"}],"author":[{"embeddable":true,"href":"https:\/\/www.frezovanie-kominov.org\/index.php?rest_route=\/wp\/v2\/users\/1"}],"replies":[{"embeddable":true,"href":"https:\/\/www.frezovanie-kominov.org\/index.php?rest_route=%2Fwp%2Fv2%2Fcomments&post=7"}],"version-history":[{"count":6,"href":"https:\/\/www.frezovanie-kominov.org\/index.php?rest_route=\/wp\/v2\/pages\/7\/revisions"}],"predecessor-version":[{"id":168,"href":"https:\/\/www.frezovanie-kominov.org\/index.php?rest_route=\/wp\/v2\/pages\/7\/revisions\/168"}],"wp:attachment":[{"href":"https:\/\/www.frezovanie-kominov.org\/index.php?rest_route=%2Fwp%2Fv2%2Fmedia&parent=7"}],"curies":[{"name":"wp","href":"https:\/\/api.w.org\/{rel}","templated":true}]}}